{"id":62,"date":"2023-03-04T23:12:22","date_gmt":"2023-03-04T22:12:22","guid":{"rendered":"https:\/\/biomep.fr\/?page_id=62"},"modified":"2023-11-02T18:05:41","modified_gmt":"2023-11-02T17:05:41","slug":"etudes-precliniques","status":"publish","type":"page","link":"https:\/\/biomep.fr\/index.php\/etudes-precliniques\/","title":{"rendered":"\u00c9tudes pr\u00e9cliniques"},"content":{"rendered":"\t\t<div data-elementor-type=\"wp-page\" data-elementor-id=\"62\" class=\"elementor elementor-62\">\n\t\t\t\t\t\t<section class=\"elementor-section elementor-top-section elementor-element elementor-element-a07d806 elementor-section-boxed elementor-section-height-default elementor-section-height-default\" data-id=\"a07d806\" data-element_type=\"section\">\n\t\t\t\t\t\t<div class=\"elementor-container elementor-column-gap-default\">\n\t\t\t\t\t<div class=\"elementor-column elementor-col-100 elementor-top-column elementor-element elementor-element-7e05737\" data-id=\"7e05737\" data-element_type=\"column\">\n\t\t\t<div class=\"elementor-widget-wrap elementor-element-populated\">\n\t\t\t\t\t\t<div class=\"elementor-element elementor-element-f797e1d elementor-widget elementor-widget-heading\" data-id=\"f797e1d\" data-element_type=\"widget\" data-widget_type=\"heading.default\">\n\t\t\t\t<div class=\"elementor-widget-container\">\n\t\t\t\t\t<h2 class=\"elementor-heading-title elementor-size-default\">\u00c9tudes pr\u00e9cliniques<\/h2>\t\t\t\t<\/div>\n\t\t\t\t<\/div>\n\t\t\t\t\t<\/div>\n\t\t<\/div>\n\t\t\t\t\t<\/div>\n\t\t<\/section>\n\t\t\t\t<section class=\"elementor-section elementor-top-section elementor-element elementor-element-47b3c79 elementor-section-boxed elementor-section-height-default elementor-section-height-default\" data-id=\"47b3c79\" data-element_type=\"section\">\n\t\t\t\t\t\t<div class=\"elementor-container elementor-column-gap-default\">\n\t\t\t\t\t<div class=\"elementor-column elementor-col-100 elementor-top-column elementor-element elementor-element-692ec56\" data-id=\"692ec56\" data-element_type=\"column\">\n\t\t\t<div class=\"elementor-widget-wrap elementor-element-populated\">\n\t\t\t\t\t\t<div class=\"elementor-element elementor-element-d74326b elementor-widget elementor-widget-text-editor\" data-id=\"d74326b\" data-element_type=\"widget\" data-widget_type=\"text-editor.default\">\n\t\t\t\t<div class=\"elementor-widget-container\">\n\t\t\t\t\t\t\t\t\t<p><strong>BioMEP : Expertise en Recherche Pr\u00e9clinique<\/strong><\/p>\n<p>Bienvenue chez BioMEP, votre partenaire de confiance dans le domaine de la recherche pr\u00e9clinique. Notre expertise s&rsquo;int\u00e8gre de mani\u00e8re harmonieuse dans le d\u00e9veloppement de protocoles exp\u00e9rimentaux innovants, sp\u00e9cialement con\u00e7us pour les scientifiques et chercheurs sp\u00e9cialis\u00e9s dans les domaines suivants :<\/p>\n<p><span style=\"font-style: inherit; color: var( --e-global-color-text ); font-family: var( --e-global-typography-text-font-family ), Sans-serif; background-color: var(--ast-global-color-5);\"><\/span><\/p>\n<ul>\n<li style=\"\"><strong style=\"font-weight: bold; font-style: inherit; color: var( --e-global-color-text ); font-family: var( --e-global-typography-text-font-family ), Sans-serif; background-color: var(--ast-global-color-5);\">Oncologie Pr\u00e9clinique <\/strong><span style=\"font-weight: inherit; font-style: inherit; color: var( --e-global-color-text ); font-family: var( --e-global-typography-text-font-family ), Sans-serif; background-color: var(--ast-global-color-5);\">&nbsp;: <\/span><span style=\"font-style: inherit; color: var( --e-global-color-text ); font-family: var( --e-global-typography-text-font-family ), Sans-serif; background-color: var(--ast-global-color-5);\">Notre expertise de sp\u00e9cialiste du traitement par rayonnement gamma d\u00e9di\u00e9s \u00e0 la r\u00e9alisation de recherches pr\u00e9cliniques de pointe dans le domaine de l&rsquo;oncologie, mettant en \u0153uvre des m\u00e9thodologies rigoureuses pour garantir des r\u00e9sultats fiables et pertinents.<\/span><\/li>\n<li style=\"\"><strong style=\"font-weight: bold; font-style: inherit; color: var( --e-global-color-text ); font-family: var( --e-global-typography-text-font-family ), Sans-serif; background-color: var(--ast-global-color-5);\">Biologie<\/strong><span style=\"font-weight: inherit; font-style: inherit; color: var( --e-global-color-text ); font-family: var( --e-global-typography-text-font-family ), Sans-serif; background-color: var(--ast-global-color-5);\">&nbsp;: <\/span><span style=\"font-style: inherit; color: var( --e-global-color-text ); font-family: var( --e-global-typography-text-font-family ), Sans-serif; background-color: var(--ast-global-color-5);\">Vous \u00eates des chercheurs exp\u00e9riment\u00e9s qui excellent dans l&rsquo;exploration des aspects biologiques complexes li\u00e9s aux cancers, notre vous offrons une prestation de service de traitement par rayonnement gamma pour vos protocoles de compr\u00e9hension des m\u00e9canismes fondamentaux impliqu\u00e9s dans la progression tumorale.<\/span><\/li>\n<li style=\"\"><strong style=\"font-weight: bold; font-style: inherit; color: var( --e-global-color-text ); font-family: var( --e-global-typography-text-font-family ), Sans-serif; background-color: var(--ast-global-color-5);\">Chimie <\/strong><span style=\"font-weight: inherit; font-style: inherit; color: var( --e-global-color-text ); font-family: var( --e-global-typography-text-font-family ), Sans-serif; background-color: var(--ast-global-color-5);\">&nbsp;: <\/span><span style=\"font-style: inherit; color: var( --e-global-color-text ); font-family: var( --e-global-typography-text-font-family ), Sans-serif; background-color: var(--ast-global-color-5);\">Vous \u00eates \u00e0 la pointe de la chimie appliqu\u00e9e dans le domaine de la recherche, d\u00e9veloppant des compos\u00e9s novateurs et des approches chimiques cibl\u00e9es pour la d\u00e9couverte de nouvelles th\u00e9rapies.<\/span><\/li>\n<li style=\"\"><strong style=\"font-weight: bold; font-style: inherit; color: var( --e-global-color-text ); font-family: var( --e-global-typography-text-font-family ), Sans-serif; background-color: var(--ast-global-color-5);\">Traitements de Cellules <\/strong><span style=\"font-weight: inherit; font-style: inherit; color: var( --e-global-color-text ); font-family: var( --e-global-typography-text-font-family ), Sans-serif; background-color: var(--ast-global-color-5);\">: <\/span><span style=\"font-style: inherit; color: var( --e-global-color-text ); font-family: var( --e-global-typography-text-font-family ), Sans-serif; background-color: var(--ast-global-color-5);\">Notre laboratoire est \u00e9quip\u00e9 d&rsquo;un outils des plus avanc\u00e9es pour concevoir et tester des traitements de cellules personnalis\u00e9s, ouvrant ainsi la voie \u00e0 des approches th\u00e9rapeutiques r\u00e9volutionnaires.<\/span><\/li>\n<li>\n<p><strong>Engagement envers la R\u00e8gle des 3R<\/strong> : Chez BioMEP, nous adh\u00e9rons fermement \u00e0 la philosophie des 3R (Remplacement, R\u00e9duction et Raffinement) dans nos exp\u00e9rimentations, d\u00e9montrant ainsi notre engagement envers le bien-\u00eatre et la recherche \u00e9thique.<\/p>\n<\/li>\n<\/ul>\n<p><\/p>\n<p>Faites confiance \u00e0 notre \u00e9quipe d&rsquo;expert passionn\u00e9 pour vous accompagner dans vos projets de recherche les plus ambitieux. \u00c0 travers notre approche professionnelle et notre engagement ind\u00e9fectible envers l&rsquo;excellence scientifique, nous sommes d\u00e9termin\u00e9s \u00e0 contribuer de mani\u00e8re significative \u00e0 l&rsquo;avancement des connaissances dans le domaine de la recherche<span style=\"background-color: var(--ast-global-color-5); color: var( --e-global-color-text ); font-family: var( --e-global-typography-text-font-family ), Sans-serif; font-style: inherit; font-weight: inherit;\">&nbsp;pr\u00e9clinique.<\/span><\/p>\n<p>D\u00e9couvrez comment BioMEP peut \u00eatre le catalyseur de votre prochaine perc\u00e9e scientifique. Contactez-nous d\u00e8s aujourd&rsquo;hui pour discuter de collaborations potentielles et ensemble, repoussons les fronti\u00e8res de la science pour un avenir plus prometteur.<\/p>\t\t\t\t\t\t\t\t<\/div>\n\t\t\t\t<\/div>\n\t\t\t\t\t<\/div>\n\t\t<\/div>\n\t\t\t\t\t<\/div>\n\t\t<\/section>\n\t\t\t\t<\/div>\n\t\t","protected":false},"excerpt":{"rendered":"<p>\u00c9tudes pr\u00e9cliniques BioMEP : Expertise en Recherche Pr\u00e9clinique Bienvenue chez BioMEP, votre partenaire de confiance dans le domaine de la recherche pr\u00e9clinique. Notre expertise s&rsquo;int\u00e8gre de mani\u00e8re harmonieuse dans le d\u00e9veloppement de protocoles exp\u00e9rimentaux innovants, sp\u00e9cialement con\u00e7us pour les scientifiques et chercheurs sp\u00e9cialis\u00e9s dans les domaines suivants : Oncologie Pr\u00e9clinique &nbsp;: Notre expertise de sp\u00e9cialiste [&hellip;]<\/p>\n","protected":false},"author":1,"featured_media":0,"parent":0,"menu_order":0,"comment_status":"closed","ping_status":"closed","template":"","meta":{"site-sidebar-layout":"no-sidebar","site-content-layout":"page-builder","ast-site-content-layout":"default","site-content-style":"default","site-sidebar-style":"default","ast-global-header-display":"","ast-banner-title-visibility":"","ast-main-header-display":"","ast-hfb-above-header-display":"","ast-hfb-below-header-display":"","ast-hfb-mobile-header-display":"","site-post-title":"disabled","ast-breadcrumbs-content":"","ast-featured-img":"disabled","footer-sml-layout":"","ast-disable-related-posts":"","theme-transparent-header-meta":"","adv-header-id-meta":"","stick-header-meta":"","header-above-stick-meta":"","header-main-stick-meta":"","header-below-stick-meta":"","astra-migrate-meta-layouts":"default","ast-page-background-enabled":"default","ast-page-background-meta":{"desktop":{"background-color":"var(--ast-global-color-4)","background-image":"","background-repeat":"repeat","background-position":"center center","background-size":"auto","background-attachment":"scroll","background-type":"","background-media":"","overlay-type":"","overlay-color":"","overlay-opacity":"","overlay-gradient":""},"tablet":{"background-color":"","background-image":"","background-repeat":"repeat","background-position":"center center","background-size":"auto","background-attachment":"scroll","background-type":"","background-media":"","overlay-type":"","overlay-color":"","overlay-opacity":"","overlay-gradient":""},"mobile":{"background-color":"","background-image":"","background-repeat":"repeat","background-position":"center center","background-size":"auto","background-attachment":"scroll","background-type":"","background-media":"","overlay-type":"","overlay-color":"","overlay-opacity":"","overlay-gradient":""}},"ast-content-background-meta":{"desktop":{"background-color":"var(--ast-global-color-5)","background-image":"","background-repeat":"repeat","background-position":"center center","background-size":"auto","background-attachment":"scroll","background-type":"","background-media":"","overlay-type":"","overlay-color":"","overlay-opacity":"","overlay-gradient":""},"tablet":{"background-color":"var(--ast-global-color-5)","background-image":"","background-repeat":"repeat","background-position":"center center","background-size":"auto","background-attachment":"scroll","background-type":"","background-media":"","overlay-type":"","overlay-color":"","overlay-opacity":"","overlay-gradient":""},"mobile":{"background-color":"var(--ast-global-color-5)","background-image":"","background-repeat":"repeat","background-position":"center center","background-size":"auto","background-attachment":"scroll","background-type":"","background-media":"","overlay-type":"","overlay-color":"","overlay-opacity":"","overlay-gradient":""}},"footnotes":""},"class_list":["post-62","page","type-page","status-publish","hentry"],"_links":{"self":[{"href":"https:\/\/biomep.fr\/index.php\/wp-json\/wp\/v2\/pages\/62","targetHints":{"allow":["GET"]}}],"collection":[{"href":"https:\/\/biomep.fr\/index.php\/wp-json\/wp\/v2\/pages"}],"about":[{"href":"https:\/\/biomep.fr\/index.php\/wp-json\/wp\/v2\/types\/page"}],"author":[{"embeddable":true,"href":"https:\/\/biomep.fr\/index.php\/wp-json\/wp\/v2\/users\/1"}],"replies":[{"embeddable":true,"href":"https:\/\/biomep.fr\/index.php\/wp-json\/wp\/v2\/comments?post=62"}],"version-history":[{"count":3,"href":"https:\/\/biomep.fr\/index.php\/wp-json\/wp\/v2\/pages\/62\/revisions"}],"predecessor-version":[{"id":177,"href":"https:\/\/biomep.fr\/index.php\/wp-json\/wp\/v2\/pages\/62\/revisions\/177"}],"wp:attachment":[{"href":"https:\/\/biomep.fr\/index.php\/wp-json\/wp\/v2\/media?parent=62"}],"curies":[{"name":"wp","href":"https:\/\/api.w.org\/{rel}","templated":true}]}}